{"id":101,"date":"2022-02-25T11:59:27","date_gmt":"2022-02-25T11:59:27","guid":{"rendered":"https:\/\/alimentenhilfe.sh.ch\/?page_id=101"},"modified":"2023-12-19T09:08:39","modified_gmt":"2023-12-19T09:08:39","slug":"sammlung-rechtsgutachten","status":"publish","type":"page","link":"https:\/\/alimentenhilfe.sh.ch\/?page_id=101","title":{"rendered":"Sammlung Rechtsgutachten"},"content":{"rendered":"\n<p>Die Rechtsgutachten werden jeweils nach Bedarf vom Rechtsdienst erstellt und \u00fcber Aktuelles publiziert. Danach gehen sie in die Sammlung Rechtsgutachten.<\/p>\n\n\n\n<p><a href=\"https:\/\/alimentenhilfe.sh.ch\/wp-content\/uploads\/2023\/12\/Rechtsgutachten_haeufige_Formulierungen_In-Unterhaltsurteilen.pdf\" data-type=\"attachment\" data-id=\"296\">H\u00e4ufige Formulierungen in Unterhalts- oder Scheidungsurteilen<\/a><\/p>\n\n\n\n<p><a href=\"https:\/\/alimentenhilfe.sh.ch\/wp-content\/uploads\/2022\/03\/21.02.2020_Verjaehrungseinrede_und_gerichtliche_Fragepflicht.pdf\" data-type=\"URL\" data-id=\"https:\/\/alimentenhilfe.sh.ch\/wp-content\/uploads\/2022\/03\/21.02.2020_Verjaehrungseinrede_und_gerichtliche_Fragepflicht.pdf\" target=\"_blank\" rel=\"noreferrer noopener\">Verj\u00e4hrungsende und gerichtliche Fragepflicht<\/a><\/p>\n\n\n\n<p><a href=\"https:\/\/alimentenhilfe.sh.ch\/wp-content\/uploads\/2022\/03\/22.07.2020_Mitwirkungspflicht_unvollstaendiges_Gesuch.pdf\" data-type=\"URL\" data-id=\"https:\/\/alimentenhilfe.sh.ch\/wp-content\/uploads\/2022\/03\/22.07.2020_Mitwirkungspflicht_unvollstaendiges_Gesuch.pdf\" target=\"_blank\" rel=\"noreferrer noopener\">Mitwirkungspflicht unvollst\u00e4ndiges Gesuch<\/a><\/p>\n\n\n\n<p><a href=\"https:\/\/alimentenhilfe.sh.ch\/wp-content\/uploads\/2022\/03\/24.08.2020_Rechtsgutachten_Pro_und_Contra_Strafanzeige_gegen_Unterhaltsschuldner.pdf\" data-type=\"URL\" data-id=\"https:\/\/alimentenhilfe.sh.ch\/wp-content\/uploads\/2022\/03\/24.08.2020_Rechtsgutachten_Pro_und_Contra_Strafanzeige_gegen_Unterhaltsschuldner.pdf\" target=\"_blank\" rel=\"noreferrer noopener\">Rechtsgutachten Pro und Contra einer Strafanzeige gegen Unterhaltsschuldner<\/a><\/p>\n\n\n\n<p><a href=\"https:\/\/alimentenhilfe.sh.ch\/wp-content\/uploads\/2022\/03\/Rechtsabklaerung_Juni_2020_-Schaffhausen_Verjaehrung_Ausland.pdf\" data-type=\"URL\" data-id=\"https:\/\/alimentenhilfe.sh.ch\/wp-content\/uploads\/2022\/03\/Rechtsabklaerung_Juni_2020_-Schaffhausen_Verjaehrung_Ausland.pdf\" target=\"_blank\" rel=\"noreferrer noopener\">Rechtsabkl\u00e4rung Verj\u00e4hrung Ausland<\/a><\/p>\n\n\n\n<p><a href=\"https:\/\/alimentenhilfe.sh.ch\/wp-content\/uploads\/2022\/03\/Rechtsgutachten-zur-Frage-der-Alimentenbevorschussung-bei-Ausbildungsabbruch.pdf\" data-type=\"URL\" data-id=\"https:\/\/alimentenhilfe.sh.ch\/wp-content\/uploads\/2022\/03\/Rechtsgutachten-zur-Frage-der-Alimentenbevorschussung-bei-Ausbildungsabbruch.pdf\" target=\"_blank\" rel=\"noreferrer noopener\">Rechtsgutachten zur Frage der Alimentenbevorschussung bei Ausbildungsabbruch<\/a><\/p>\n\n\n\n<p><a href=\"https:\/\/alimentenhilfe.sh.ch\/wp-content\/uploads\/2022\/03\/01.09.2020_Rechtsgutachten_Zustellungsfiktion_und_Treu_und_Glauben-eingeschriebene_Postsendungen_Traicing.pdf\" data-type=\"URL\" data-id=\"https:\/\/alimentenhilfe.sh.ch\/wp-content\/uploads\/2022\/03\/01.09.2020_Rechtsgutachten_Zustellungsfiktion_und_Treu_und_Glauben-eingeschriebene_Postsendungen_Traicing.pdf\" target=\"_blank\" rel=\"noreferrer noopener\">Rechtsgutachten Zustellungsfiktion und Treu- und Glauben &#8211; eingeschriebene Postsendungen Tracing<\/a><\/p>\n\n\n\n<p><a rel=\"noreferrer noopener\" href=\"https:\/\/alimentenhilfe.sh.ch\/wp-content\/uploads\/2022\/03\/03.09.2020_Beilage_fuer_Brief_Rechtsgutachten_Schuldneranweisung-_jeweiliger_Arbeitgeber.pdf\" data-type=\"URL\" data-id=\"https:\/\/alimentenhilfe.sh.ch\/wp-content\/uploads\/2022\/03\/03.09.2020_Beilage_fuer_Brief_Rechtsgutachten_Schuldneranweisung-_jeweiliger_Arbeitgeber.pdf\" target=\"_blank\">Beilage f\u00fcr Brief Rechtsgutachten Schuldneranweisung &#8211; jeweiliger Arbeitgeber<\/a><\/p>\n\n\n\n<p><a href=\"https:\/\/alimentenhilfe.sh.ch\/wp-content\/uploads\/2022\/11\/20.05.2022_Rechtsabklaerungen-und-Ueberlegungen-zur-Berechnung-der-Alimentenleistungen.pdf\" data-type=\"URL\" data-id=\"https:\/\/alimentenhilfe.sh.ch\/wp-content\/uploads\/2022\/11\/20.05.2022_Rechtsabklaerungen-und-Ueberlegungen-zur-Berechnung-der-Alimentenleistungen.pdf\">Rechtsabkl\u00e4rungen und \u00dcberlegungen zur Berechnung der Alimentenleistungen<\/a><\/p>\n","protected":false},"excerpt":{"rendered":"<p>Die Rechtsgutachten werden jeweils nach Bedarf vom Rechtsdienst erstellt und \u00fcber Aktuelles publiziert. Danach gehen sie in die Sammlung Rechtsgutachten. H\u00e4ufige Formulierungen in Unterhalts- oder Scheidungsurteilen Verj\u00e4hrungsende und gerichtliche Fragepflicht Mitwirkungspflicht unvollst\u00e4ndiges Gesuch Rechtsgutachten Pro und Contra einer Strafanzeige gegen Unterhaltsschuldner Rechtsabkl\u00e4rung Verj\u00e4hrung Ausland Rechtsgutachten zur Frage der Alimentenbevorschussung bei Ausbildungsabbruch Rechtsgutachten Zustellungsfiktion und Treu-&#8230; <a href=\"https:\/\/alimentenhilfe.sh.ch\/?page_id=101\">Read More &raquo;<\/a><\/p>\n","protected":false},"author":1,"featured_media":0,"parent":0,"menu_order":0,"comment_status":"closed","ping_status":"closed","template":"","meta":{"_bbp_topic_count":0,"_bbp_reply_count":0,"_bbp_total_topic_count":0,"_bbp_total_reply_count":0,"_bbp_voice_count":0,"_bbp_anonymous_reply_count":0,"_bbp_topic_count_hidden":0,"_bbp_reply_count_hidden":0,"_bbp_forum_subforum_count":0,"footnotes":""},"class_list":["post-101","page","type-page","status-publish","hentry"],"_links":{"self":[{"href":"https:\/\/alimentenhilfe.sh.ch\/index.php?rest_route=\/wp\/v2\/pages\/101","targetHints":{"allow":["GET"]}}],"collection":[{"href":"https:\/\/alimentenhilfe.sh.ch\/index.php?rest_route=\/wp\/v2\/pages"}],"about":[{"href":"https:\/\/alimentenhilfe.sh.ch\/index.php?rest_route=\/wp\/v2\/types\/page"}],"author":[{"embeddable":true,"href":"https:\/\/alimentenhilfe.sh.ch\/index.php?rest_route=\/wp\/v2\/users\/1"}],"replies":[{"embeddable":true,"href":"https:\/\/alimentenhilfe.sh.ch\/index.php?rest_route=%2Fwp%2Fv2%2Fcomments&post=101"}],"version-history":[{"count":6,"href":"https:\/\/alimentenhilfe.sh.ch\/index.php?rest_route=\/wp\/v2\/pages\/101\/revisions"}],"predecessor-version":[{"id":297,"href":"https:\/\/alimentenhilfe.sh.ch\/index.php?rest_route=\/wp\/v2\/pages\/101\/revisions\/297"}],"wp:attachment":[{"href":"https:\/\/alimentenhilfe.sh.ch\/index.php?rest_route=%2Fwp%2Fv2%2Fmedia&parent=101"}],"curies":[{"name":"wp","href":"https:\/\/api.w.org\/{rel}","templated":true}]}}