{"id":70,"date":"2022-02-25T08:58:57","date_gmt":"2022-02-25T08:58:57","guid":{"rendered":"https:\/\/alimentenhilfe.sh.ch\/?page_id=70"},"modified":"2022-03-21T10:21:10","modified_gmt":"2022-03-21T10:21:10","slug":"formulare-und-dokumente-fuer-klienten","status":"publish","type":"page","link":"https:\/\/alimentenhilfe.sh.ch\/?page_id=70","title":{"rendered":"Formulare und Dokumente f\u00fcr Klienten"},"content":{"rendered":"\n<p><a href=\"https:\/\/alimentenhilfe.sh.ch\/wp-content\/uploads\/2022\/03\/Merkblatt_Zur-Alimentenbevorschussung.doc\" data-type=\"URL\" data-id=\"https:\/\/alimentenhilfe.sh.ch\/wp-content\/uploads\/2022\/03\/Merkblatt_Zur-Alimentenbevorschussung.doc\" target=\"_blank\" rel=\"noreferrer noopener\">Merkblatt \u00fcber Alimentenhilfe allgemein<\/a><\/p>\n\n\n\n<p><a href=\"https:\/\/alimentenhilfe.sh.ch\/wp-content\/uploads\/2022\/03\/Merkblatt-fuer-Unterhaltspflichtige.pdf\" data-type=\"URL\" data-id=\"https:\/\/alimentenhilfe.sh.ch\/wp-content\/uploads\/2022\/03\/Merkblatt-fuer-Unterhaltspflichtige.pdf\" target=\"_blank\" rel=\"noreferrer noopener\">Merkblatt f\u00fcr unterhaltspflichtige Person<\/a><\/p>\n\n\n\n<p><a href=\"https:\/\/alimentenhilfe.sh.ch\/wp-content\/uploads\/2022\/03\/Merkblatt_zur-Inkassohilfe.doc\" data-type=\"URL\" data-id=\"https:\/\/alimentenhilfe.sh.ch\/wp-content\/uploads\/2022\/03\/Merkblatt_zur-Inkassohilfe.doc\" target=\"_blank\" rel=\"noreferrer noopener\">Merkblatt zur Inkassohilfe<\/a><\/p>\n\n\n\n<p>Gesuch um Alimentenhilfe Minderj\u00e4hrigkeit (Erstgesuch)<\/p>\n\n\n\n<p>Gesuch um Alimentenhilfe Vollj\u00e4hrigkeit (Erstgesuch)<\/p>\n\n\n\n<p>Gesuch um Alimentenhilfe Minderj\u00e4hrigkeit (Nachfolgegesuch)<\/p>\n\n\n\n<p>Gesuch um Alimentenhilfe Vollj\u00e4hrigkeit (Nachfolgegesuch)<\/p>\n\n\n\n<p>Verpflichtungs- und Einverst\u00e4ndniserkl\u00e4rung<\/p>\n\n\n\n<p>Inkasso- und Prozessvollmacht Inkassohilfe nachehelicher Unterhalt und Ehegattenalimente<\/p>\n\n\n\n<p>Inkasso- und Prozessvollmacht Inkassohilfe Kinderzulagen und Kinderalimente<\/p>\n\n\n\n<p>Inkasso- und Prozessvollmacht Inkassohilfe vollj\u00e4hrige Kinder<\/p>\n","protected":false},"excerpt":{"rendered":"<p>Merkblatt \u00fcber Alimentenhilfe allgemein Merkblatt f\u00fcr unterhaltspflichtige Person Merkblatt zur Inkassohilfe Gesuch um Alimentenhilfe Minderj\u00e4hrigkeit (Erstgesuch) Gesuch um Alimentenhilfe Vollj\u00e4hrigkeit (Erstgesuch) Gesuch um Alimentenhilfe Minderj\u00e4hrigkeit (Nachfolgegesuch) Gesuch um Alimentenhilfe Vollj\u00e4hrigkeit (Nachfolgegesuch) Verpflichtungs- und Einverst\u00e4ndniserkl\u00e4rung Inkasso- und Prozessvollmacht Inkassohilfe nachehelicher Unterhalt und Ehegattenalimente Inkasso- und Prozessvollmacht Inkassohilfe Kinderzulagen und Kinderalimente Inkasso- und Prozessvollmacht Inkassohilfe vollj\u00e4hrige Kinder<\/p>\n","protected":false},"author":1,"featured_media":0,"parent":0,"menu_order":0,"comment_status":"closed","ping_status":"closed","template":"","meta":{"_bbp_topic_count":0,"_bbp_reply_count":0,"_bbp_total_topic_count":0,"_bbp_total_reply_count":0,"_bbp_voice_count":0,"_bbp_anonymous_reply_count":0,"_bbp_topic_count_hidden":0,"_bbp_reply_count_hidden":0,"_bbp_forum_subforum_count":0,"footnotes":""},"class_list":["post-70","page","type-page","status-publish","hentry"],"_links":{"self":[{"href":"https:\/\/alimentenhilfe.sh.ch\/index.php?rest_route=\/wp\/v2\/pages\/70","targetHints":{"allow":["GET"]}}],"collection":[{"href":"https:\/\/alimentenhilfe.sh.ch\/index.php?rest_route=\/wp\/v2\/pages"}],"about":[{"href":"https:\/\/alimentenhilfe.sh.ch\/index.php?rest_route=\/wp\/v2\/types\/page"}],"author":[{"embeddable":true,"href":"https:\/\/alimentenhilfe.sh.ch\/index.php?rest_route=\/wp\/v2\/users\/1"}],"replies":[{"embeddable":true,"href":"https:\/\/alimentenhilfe.sh.ch\/index.php?rest_route=%2Fwp%2Fv2%2Fcomments&post=70"}],"version-history":[{"count":6,"href":"https:\/\/alimentenhilfe.sh.ch\/index.php?rest_route=\/wp\/v2\/pages\/70\/revisions"}],"predecessor-version":[{"id":212,"href":"https:\/\/alimentenhilfe.sh.ch\/index.php?rest_route=\/wp\/v2\/pages\/70\/revisions\/212"}],"wp:attachment":[{"href":"https:\/\/alimentenhilfe.sh.ch\/index.php?rest_route=%2Fwp%2Fv2%2Fmedia&parent=70"}],"curies":[{"name":"wp","href":"https:\/\/api.w.org\/{rel}","templated":true}]}}