{"id":72,"date":"2022-02-25T08:59:13","date_gmt":"2022-02-25T08:59:13","guid":{"rendered":"https:\/\/alimentenhilfe.sh.ch\/?page_id=72"},"modified":"2023-02-17T07:02:57","modified_gmt":"2023-02-17T07:02:57","slug":"dokumente-und-formulare-fuer-fachstelle","status":"publish","type":"page","link":"https:\/\/alimentenhilfe.sh.ch\/?page_id=72","title":{"rendered":"Dokumente und Formulare f\u00fcr Fachstelle"},"content":{"rendered":"\n<p><a href=\"https:\/\/alimentenhilfe.sh.ch\/wp-content\/uploads\/2023\/02\/Handbuch-Alimente-Endversion.pdf\">Beh\u00f6rdenhandbuch<\/a> \/ <a href=\"https:\/\/alimentenhilfe.sh.ch\/wp-content\/uploads\/2022\/06\/Kurzanleitung_Alimentenbevorschussung.pdf\">Kurzanleitung<\/a><\/p>\n\n\n\n<p><a href=\"https:\/\/alimentenhilfe.sh.ch\/?page_id=97\" data-type=\"page\" data-id=\"97\">Prozessbeschriebe<\/a><\/p>\n\n\n\n<p><a href=\"https:\/\/alimentenhilfe.sh.ch\/?page_id=99\" data-type=\"page\" data-id=\"99\">Fragen \/ Antworten (sind in Newsletter zusammengefasst)<\/a><\/p>\n\n\n\n<p><a href=\"https:\/\/alimentenhilfe.sh.ch\/?page_id=101\" data-type=\"page\" data-id=\"101\">Sammlung Rechtsgutachten<\/a><\/p>\n\n\n\n<p>Musterschreiben<\/p>\n\n\n\n<p><a href=\"https:\/\/alimentenhilfe.sh.ch\/?page_id=105\" data-type=\"page\" data-id=\"105\">Berechnungshilfen<\/a><\/p>\n\n\n\n<p><a href=\"https:\/\/alimentenhilfe.sh.ch\/wp-content\/uploads\/2022\/06\/Formular_Alimentenbevorschussung.xlsx\">Formular f\u00fcr Staatsbeitrag (Buchhaltungsformular f\u00fcr 30% Kantonsbeitr\u00e4ge)<\/a><\/p>\n\n\n\n<p><a href=\"https:\/\/sh.ch\/CMS\/Webseite\/Kanton-Schaffhausen\/Beh-rde\/Justiz\/Betreibungs--und-Konkursamt\/Betreibungsamt-6894045-DE.html\">Formulare Betreibung einleiten\/fortsetzen\/ Betreibungsamt<\/a><\/p>\n\n\n\n<p><a href=\"https:\/\/www.bsv.admin.ch\/bsv\/de\/home\/sozialversicherungen\/bv\/grundlagen-und-gesetze\/grundlagen\/vorsorgeguthaben-vernachlaessigung-unterhaltspflicht.html\">Link f\u00fcr Formulare zur Geltendmachung von Pensionskassenleistungen im Zusammenhang mit Alimentenbevorschussung<\/a><\/p>\n","protected":false},"excerpt":{"rendered":"<p>Beh\u00f6rdenhandbuch \/ Kurzanleitung Prozessbeschriebe Fragen \/ Antworten (sind in Newsletter zusammengefasst) Sammlung Rechtsgutachten Musterschreiben Berechnungshilfen Formular f\u00fcr Staatsbeitrag (Buchhaltungsformular f\u00fcr 30% Kantonsbeitr\u00e4ge) Formulare Betreibung einleiten\/fortsetzen\/ Betreibungsamt Link f\u00fcr Formulare zur Geltendmachung von Pensionskassenleistungen im Zusammenhang mit Alimentenbevorschussung<\/p>\n","protected":false},"author":1,"featured_media":0,"parent":0,"menu_order":0,"comment_status":"closed","ping_status":"closed","template":"","meta":{"_bbp_topic_count":0,"_bbp_reply_count":0,"_bbp_total_topic_count":0,"_bbp_total_reply_count":0,"_bbp_voice_count":0,"_bbp_anonymous_reply_count":0,"_bbp_topic_count_hidden":0,"_bbp_reply_count_hidden":0,"_bbp_forum_subforum_count":0,"footnotes":""},"class_list":["post-72","page","type-page","status-publish","hentry"],"_links":{"self":[{"href":"https:\/\/alimentenhilfe.sh.ch\/index.php?rest_route=\/wp\/v2\/pages\/72","targetHints":{"allow":["GET"]}}],"collection":[{"href":"https:\/\/alimentenhilfe.sh.ch\/index.php?rest_route=\/wp\/v2\/pages"}],"about":[{"href":"https:\/\/alimentenhilfe.sh.ch\/index.php?rest_route=\/wp\/v2\/types\/page"}],"author":[{"embeddable":true,"href":"https:\/\/alimentenhilfe.sh.ch\/index.php?rest_route=\/wp\/v2\/users\/1"}],"replies":[{"embeddable":true,"href":"https:\/\/alimentenhilfe.sh.ch\/index.php?rest_route=%2Fwp%2Fv2%2Fcomments&post=72"}],"version-history":[{"count":10,"href":"https:\/\/alimentenhilfe.sh.ch\/index.php?rest_route=\/wp\/v2\/pages\/72\/revisions"}],"predecessor-version":[{"id":265,"href":"https:\/\/alimentenhilfe.sh.ch\/index.php?rest_route=\/wp\/v2\/pages\/72\/revisions\/265"}],"wp:attachment":[{"href":"https:\/\/alimentenhilfe.sh.ch\/index.php?rest_route=%2Fwp%2Fv2%2Fmedia&parent=72"}],"curies":[{"name":"wp","href":"https:\/\/api.w.org\/{rel}","templated":true}]}}